{"id":169,"date":"2026-02-07T13:40:58","date_gmt":"2026-02-07T12:40:58","guid":{"rendered":"https:\/\/mrcoolgamer.de\/?page_id=169"},"modified":"2026-02-07T17:48:18","modified_gmt":"2026-02-07T16:48:18","slug":"kontakt","status":"publish","type":"page","link":"https:\/\/mrcoolgamer.de\/?page_id=169","title":{"rendered":"Kontakt"},"content":{"rendered":"\n<div class=\"wp-block-group alignfull is-style-section-1 has-global-padding is-layout-constrained wp-container-core-group-is-layout-cdf985e3 wp-block-group-is-layout-constrained is-style-section-1--1\" style=\"min-height:100vh;margin-top:0;margin-bottom:0;padding-top:var(--wp--preset--spacing--80);padding-right:var(--wp--preset--spacing--80);padding-bottom:var(--wp--preset--spacing--80);padding-left:var(--wp--preset--spacing--80)\">\n<div class=\"wp-block-columns alignwide are-vertically-aligned-center is-layout-flex wp-container-core-columns-is-layout-643ced6b wp-block-columns-is-layout-flex\">\n<div class=\"wp-block-column is-vertically-aligned-center is-layout-flow wp-block-column-is-layout-flow\">\n<figure class=\"wp-block-image aligncenter size-full has-custom-border\"><img loading=\"lazy\" decoding=\"async\" width=\"1024\" height=\"1024\" src=\"https:\/\/mrcoolgamer.de\/wp-content\/uploads\/2026\/02\/ChatGPT-Image-8.-Apr.-2025-22_31_37.png\" alt=\"\" class=\"wp-image-223\" style=\"border-top-left-radius:150px;border-bottom-right-radius:150px;object-fit:cover\" srcset=\"https:\/\/mrcoolgamer.de\/wp-content\/uploads\/2026\/02\/ChatGPT-Image-8.-Apr.-2025-22_31_37.png 1024w, https:\/\/mrcoolgamer.de\/wp-content\/uploads\/2026\/02\/ChatGPT-Image-8.-Apr.-2025-22_31_37-300x300.png 300w, https:\/\/mrcoolgamer.de\/wp-content\/uploads\/2026\/02\/ChatGPT-Image-8.-Apr.-2025-22_31_37-150x150.png 150w, https:\/\/mrcoolgamer.de\/wp-content\/uploads\/2026\/02\/ChatGPT-Image-8.-Apr.-2025-22_31_37-768x768.png 768w\" sizes=\"auto, (max-width: 1024px) 100vw, 1024px\" \/><\/figure>\n<\/div>\n\n\n\n<div class=\"wp-block-column is-vertically-aligned-center is-layout-flow wp-block-column-is-layout-flow\">\n<div class=\"wp-block-group is-vertical is-content-justification-stretch is-layout-flex wp-container-core-group-is-layout-353c4f5a wp-block-group-is-layout-flex\">\n<h2 class=\"wp-block-heading has-text-align-left\">Finn Nebendahl<\/h2>\n\n\n\n<p>Moin, ich bin Finn.<\/p>\n\n\n\n<p>In meiner Freizeit spiele ich gerne Minecraft, Satisfactory oder andere gerade aktuelle Spiele. Au\u00dferdem liebe ich self-hosting!<\/p>\n\n\n\n<p>(Minecraft Server, Jellyfin, Nextcloud etc.)<\/p>\n\n\n\n<ul class=\"wp-block-social-links has-icon-color is-style-logos-only is-layout-flex wp-block-social-links-is-layout-flex\"><li style=\"color:currentColor;\" class=\"wp-social-link wp-social-link-x has-currentColor-color wp-block-social-link\"><a href=\"https:\/\/x.com\/mrcoolgamer11\" class=\"wp-block-social-link-anchor\"><svg width=\"24\" height=\"24\" viewBox=\"0 0 24 24\" version=\"1.1\" xmlns=\"http:\/\/www.w3.org\/2000\/svg\" aria-hidden=\"true\" focusable=\"false\"><path d=\"M13.982 10.622 20.54 3h-1.554l-5.693 6.618L8.745 3H3.5l6.876 10.007L3.5 21h1.554l6.012-6.989L15.868 21h5.245l-7.131-10.378Zm-2.128 2.474-.697-.997-5.543-7.93H8l4.474 6.4.697.996 5.815 8.318h-2.387l-4.745-6.787Z\" \/><\/svg><span class=\"wp-block-social-link-label screen-reader-text\">X<\/span><\/a><\/li>\n\n<li style=\"color:currentColor;\" class=\"wp-social-link wp-social-link-instagram has-currentColor-color wp-block-social-link\"><a href=\"https:\/\/www.instagram.com\/finnnebendahl\/\" class=\"wp-block-social-link-anchor\"><svg width=\"24\" height=\"24\" viewBox=\"0 0 24 24\" version=\"1.1\" xmlns=\"http:\/\/www.w3.org\/2000\/svg\" aria-hidden=\"true\" focusable=\"false\"><path d=\"M12,4.622c2.403,0,2.688,0.009,3.637,0.052c0.877,0.04,1.354,0.187,1.671,0.31c0.42,0.163,0.72,0.358,1.035,0.673 c0.315,0.315,0.51,0.615,0.673,1.035c0.123,0.317,0.27,0.794,0.31,1.671c0.043,0.949,0.052,1.234,0.052,3.637 s-0.009,2.688-0.052,3.637c-0.04,0.877-0.187,1.354-0.31,1.671c-0.163,0.42-0.358,0.72-0.673,1.035 c-0.315,0.315-0.615,0.51-1.035,0.673c-0.317,0.123-0.794,0.27-1.671,0.31c-0.949,0.043-1.233,0.052-3.637,0.052 s-2.688-0.009-3.637-0.052c-0.877-0.04-1.354-0.187-1.671-0.31c-0.42-0.163-0.72-0.358-1.035-0.673 c-0.315-0.315-0.51-0.615-0.673-1.035c-0.123-0.317-0.27-0.794-0.31-1.671C4.631,14.688,4.622,14.403,4.622,12 s0.009-2.688,0.052-3.637c0.04-0.877,0.187-1.354,0.31-1.671c0.163-0.42,0.358-0.72,0.673-1.035 c0.315-0.315,0.615-0.51,1.035-0.673c0.317-0.123,0.794-0.27,1.671-0.31C9.312,4.631,9.597,4.622,12,4.622 M12,3 C9.556,3,9.249,3.01,8.289,3.054C7.331,3.098,6.677,3.25,6.105,3.472C5.513,3.702,5.011,4.01,4.511,4.511 c-0.5,0.5-0.808,1.002-1.038,1.594C3.25,6.677,3.098,7.331,3.054,8.289C3.01,9.249,3,9.556,3,12c0,2.444,0.01,2.751,0.054,3.711 c0.044,0.958,0.196,1.612,0.418,2.185c0.23,0.592,0.538,1.094,1.038,1.594c0.5,0.5,1.002,0.808,1.594,1.038 c0.572,0.222,1.227,0.375,2.185,0.418C9.249,20.99,9.556,21,12,21s2.751-0.01,3.711-0.054c0.958-0.044,1.612-0.196,2.185-0.418 c0.592-0.23,1.094-0.538,1.594-1.038c0.5-0.5,0.808-1.002,1.038-1.594c0.222-0.572,0.375-1.227,0.418-2.185 C20.99,14.751,21,14.444,21,12s-0.01-2.751-0.054-3.711c-0.044-0.958-0.196-1.612-0.418-2.185c-0.23-0.592-0.538-1.094-1.038-1.594 c-0.5-0.5-1.002-0.808-1.594-1.038c-0.572-0.222-1.227-0.375-2.185-0.418C14.751,3.01,14.444,3,12,3L12,3z M12,7.378 c-2.552,0-4.622,2.069-4.622,4.622S9.448,16.622,12,16.622s4.622-2.069,4.622-4.622S14.552,7.378,12,7.378z M12,15 c-1.657,0-3-1.343-3-3s1.343-3,3-3s3,1.343,3,3S13.657,15,12,15z M16.804,6.116c-0.596,0-1.08,0.484-1.08,1.08 s0.484,1.08,1.08,1.08c0.596,0,1.08-0.484,1.08-1.08S17.401,6.116,16.804,6.116z\"><\/path><\/svg><span class=\"wp-block-social-link-label screen-reader-text\">Instagram<\/span><\/a><\/li>\n\n<li style=\"color:currentColor;\" class=\"wp-social-link wp-social-link-discord has-currentColor-color wp-block-social-link\"><a href=\"https:\/\/discord.gg\/4DqBdzRx\" class=\"wp-block-social-link-anchor\"><svg width=\"24\" height=\"24\" version=\"1.1\" viewBox=\"0 0 24 24\" xmlns=\"http:\/\/www.w3.org\/2000\/svg\" aria-hidden=\"true\" focusable=\"false\"><path d=\"M20.317 4.369A19.88 19.88 0 0 0 15.894 3a14.145 14.145 0 0 0-.719 1.518 19.205 19.205 0 0 0-5.351 0A14.183 14.183 0 0 0 9.104 3 19.896 19.896 0 0 0 4.682 4.369a18.921 18.921 0 0 0-3.012 12.52 19.929 19.929 0 0 0 6.081 3.097c.487-.65.922-1.339 1.3-2.061a12.445 12.445 0 0 1-1.958-.896c.165-.12.326-.246.483-.374a12.445 12.445 0 0 0 8.946 0c.157.128.318.253.483.374-.627.371-1.281.683-1.958.896.379.722.813 1.41 1.3 2.061a19.94 19.94 0 0 0 6.081-3.097 18.921 18.921 0 0 0-3.012-12.52ZM8.12 15.233c-1.202 0-2.184-1.09-2.184-2.431 0-1.34.97-2.431 2.184-2.431 1.213 0 2.202 1.09 2.184 2.431 0 1.341-.97 2.431-2.184 2.431Zm7.757 0c-1.202 0-2.184-1.09-2.184-2.431 0-1.34.97-2.431 2.184-2.431 1.213 0 2.202 1.09 2.184 2.431 0 1.341-.97 2.431-2.184 2.431Z\"\/><\/svg><span class=\"wp-block-social-link-label screen-reader-text\">Discord<\/span><\/a><\/li>\n\n<li style=\"color:currentColor;\" class=\"wp-social-link wp-social-link-mail has-currentColor-color wp-block-social-link\"><a href=\"mailto:f&#105;nn&#046;ne&#098;endahl&#064;&#103;mx.&#100;e\" class=\"wp-block-social-link-anchor\"><svg width=\"24\" height=\"24\" viewBox=\"0 0 24 24\" version=\"1.1\" xmlns=\"http:\/\/www.w3.org\/2000\/svg\" aria-hidden=\"true\" focusable=\"false\"><path d=\"M19,5H5c-1.1,0-2,.9-2,2v10c0,1.1.9,2,2,2h14c1.1,0,2-.9,2-2V7c0-1.1-.9-2-2-2zm.5,12c0,.3-.2.5-.5.5H5c-.3,0-.5-.2-.5-.5V9.8l7.5,5.6,7.5-5.6V17zm0-9.1L12,13.6,4.5,7.9V7c0-.3.2-.5.5-.5h14c.3,0,.5.2.5.5v.9z\"><\/path><\/svg><span class=\"wp-block-social-link-label screen-reader-text\">E-Mail<\/span><\/a><\/li><\/ul>\n<\/div>\n<\/div>\n<\/div>\n<\/div>\n\n\n\n<p>Wenn du mir etwas mitteilen m\u00f6chtest. mache das gerne \u00fcber das Kontakt Formular unten oder \u00fcber meine Email.<\/p>\n\n\n\n<p><em>Ich antworte so schnell wie m\u00f6glich!<\/em><\/p>\n\n\n<style id=\"wpforms-css-vars-180-block-b79e36e1-14d6-4933-b698-4e5dc7086438\">\n\t\t\t\t#wpforms-180.wpforms-block-b79e36e1-14d6-4933-b698-4e5dc7086438 {\n\t\t\t\t--wpforms-field-size-input-height: 43px;\n--wpforms-field-size-input-spacing: 15px;\n--wpforms-field-size-font-size: 16px;\n--wpforms-field-size-line-height: 19px;\n--wpforms-field-size-padding-h: 14px;\n--wpforms-field-size-checkbox-size: 16px;\n--wpforms-field-size-sublabel-spacing: 5px;\n--wpforms-field-size-icon-size: 1;\n--wpforms-label-size-font-size: 16px;\n--wpforms-label-size-line-height: 19px;\n--wpforms-label-size-sublabel-font-size: 14px;\n--wpforms-label-size-sublabel-line-height: 17px;\n--wpforms-button-size-font-size: 17px;\n--wpforms-button-size-height: 41px;\n--wpforms-button-size-padding-h: 15px;\n--wpforms-button-size-margin-top: 10px;\n\t\t\t}\n\t\t\t<\/style><div class=\"wpforms-container wpforms-container-full wpforms-block wpforms-block-b79e36e1-14d6-4933-b698-4e5dc7086438 wpforms-render-modern\" id=\"wpforms-180\"><form id=\"wpforms-form-180\" class=\"wpforms-validate wpforms-form wpforms-ajax-form\" data-formid=\"180\" method=\"post\" enctype=\"multipart\/form-data\" action=\"\/index.php?rest_route=%2Fwp%2Fv2%2Fpages%2F169\" data-token=\"adc2441b3900cb018bd0c0551bcfe1bb\" data-token-time=\"1775608409\"><noscript class=\"wpforms-error-noscript\">Bitte aktiviere JavaScript in deinem Browser, um dieses Formular fertigzustellen.<\/noscript><div id=\"wpforms-error-noscript\" style=\"display: none;\">Bitte aktiviere JavaScript in deinem Browser, um dieses Formular fertigzustellen.<\/div><div class=\"wpforms-field-container\"><div id=\"wpforms-180-field_1-container\" class=\"wpforms-field wpforms-field-name\" data-field-id=\"1\"><fieldset><legend class=\"wpforms-field-label\">Name <span class=\"wpforms-required-label\" aria-hidden=\"true\">*<\/span><\/legend><div class=\"wpforms-field-row wpforms-field-medium\"><div class=\"wpforms-field-row-block wpforms-first wpforms-one-half\"><input type=\"text\" id=\"wpforms-180-field_1\" class=\"wpforms-field-name-first wpforms-field-required\" name=\"wpforms[fields][1][first]\" aria-errormessage=\"wpforms-180-field_1-error\" required><label for=\"wpforms-180-field_1\" class=\"wpforms-field-sublabel after\">Vorname<\/label><\/div><div class=\"wpforms-field-row-block wpforms-one-half\"><input type=\"text\" id=\"wpforms-180-field_1-last\" class=\"wpforms-field-name-last wpforms-field-required\" name=\"wpforms[fields][1][last]\" aria-errormessage=\"wpforms-180-field_1-last-error\" required><label for=\"wpforms-180-field_1-last\" class=\"wpforms-field-sublabel after\">Nachname<\/label><\/div><\/div><\/fieldset><\/div>\t\t<div id=\"wpforms-180-field_4-container\"\n\t\t\tclass=\"wpforms-field wpforms-field-text\"\n\t\t\tdata-field-type=\"text\"\n\t\t\tdata-field-id=\"4\"\n\t\t\t>\n\t\t\t<label class=\"wpforms-field-label\" for=\"wpforms-180-field_4\" >E-Mail-Adresse Kommentar Name<\/label>\n\t\t\t<input type=\"text\" id=\"wpforms-180-field_4\" class=\"wpforms-field-medium\" name=\"wpforms[fields][4]\" >\n\t\t<\/div>\n\t\t<div id=\"wpforms-180-field_2-container\" class=\"wpforms-field wpforms-field-email\" data-field-id=\"2\"><label class=\"wpforms-field-label\" for=\"wpforms-180-field_2\">E-Mail-Adresse <span class=\"wpforms-required-label\" aria-hidden=\"true\">*<\/span><\/label><input type=\"email\" id=\"wpforms-180-field_2\" class=\"wpforms-field-medium wpforms-field-required\" name=\"wpforms[fields][2]\" spellcheck=\"false\" aria-errormessage=\"wpforms-180-field_2-error\" required><\/div><div id=\"wpforms-180-field_3-container\" class=\"wpforms-field wpforms-field-textarea\" data-field-id=\"3\"><label class=\"wpforms-field-label\" for=\"wpforms-180-field_3\">Kommentar oder Nachricht<\/label><textarea id=\"wpforms-180-field_3\" class=\"wpforms-field-medium\" name=\"wpforms[fields][3]\" aria-errormessage=\"wpforms-180-field_3-error\" ><\/textarea><\/div><script>\n\t\t\t\t( function() {\n\t\t\t\t\tconst style = document.createElement( 'style' );\n\t\t\t\t\tstyle.appendChild( document.createTextNode( '#wpforms-180-field_4-container { position: absolute !important; overflow: hidden !important; display: inline !important; height: 1px !important; width: 1px !important; z-index: -1000 !important; padding: 0 !important; } #wpforms-180-field_4-container input { visibility: hidden; } #wpforms-conversational-form-page #wpforms-180-field_4-container label { counter-increment: none; }' ) );\n\t\t\t\t\tdocument.head.appendChild( style );\n\t\t\t\t\tdocument.currentScript?.remove();\n\t\t\t\t} )();\n\t\t\t<\/script><\/div><!-- .wpforms-field-container --><div class=\"wpforms-submit-container\" ><input type=\"hidden\" name=\"wpforms[id]\" value=\"180\"><input type=\"hidden\" name=\"page_title\" value=\"\"><input type=\"hidden\" name=\"page_url\" value=\"https:\/\/mrcoolgamer.de\/index.php?rest_route=\/wp\/v2\/pages\/169\"><input type=\"hidden\" name=\"url_referer\" value=\"\"><button type=\"submit\" name=\"wpforms[submit]\" id=\"wpforms-submit-180\" class=\"wpforms-submit\" data-alt-text=\"Wird gesendet\u00a0\u2026\" data-submit-text=\"Absenden\" aria-live=\"assertive\" value=\"wpforms-submit\">Absenden<\/button><img loading=\"lazy\" decoding=\"async\" src=\"https:\/\/mrcoolgamer.de\/wp-content\/plugins\/wpforms-lite\/assets\/images\/submit-spin.svg\" class=\"wpforms-submit-spinner\" style=\"display: none;\" width=\"26\" height=\"26\" alt=\"Wird geladen\"><\/div><\/form><\/div>  <!-- .wpforms-container -->","protected":false},"excerpt":{"rendered":"<p>Finn Nebendahl Moin, ich bin Finn. In meiner Freizeit spiele ich gerne Minecraft, Satisfactory oder andere gerade aktuelle Spiele. Au\u00dferdem liebe ich self-hosting! (Minecraft Server, Jellyfin, Nextcloud etc.) Wenn du mir etwas mitteilen m\u00f6chtest. mache das gerne \u00fcber das Kontakt Formular unten oder \u00fcber meine Email. Ich antworte so schnell wie m\u00f6glich!<\/p>\n","protected":false},"author":1,"featured_media":0,"parent":0,"menu_order":0,"comment_status":"closed","ping_status":"closed","template":"","meta":{"footnotes":""},"class_list":["post-169","page","type-page","status-publish","hentry"],"_links":{"self":[{"href":"https:\/\/mrcoolgamer.de\/index.php?rest_route=\/wp\/v2\/pages\/169","targetHints":{"allow":["GET"]}}],"collection":[{"href":"https:\/\/mrcoolgamer.de\/index.php?rest_route=\/wp\/v2\/pages"}],"about":[{"href":"https:\/\/mrcoolgamer.de\/index.php?rest_route=\/wp\/v2\/types\/page"}],"author":[{"embeddable":true,"href":"https:\/\/mrcoolgamer.de\/index.php?rest_route=\/wp\/v2\/users\/1"}],"replies":[{"embeddable":true,"href":"https:\/\/mrcoolgamer.de\/index.php?rest_route=%2Fwp%2Fv2%2Fcomments&post=169"}],"version-history":[{"count":5,"href":"https:\/\/mrcoolgamer.de\/index.php?rest_route=\/wp\/v2\/pages\/169\/revisions"}],"predecessor-version":[{"id":265,"href":"https:\/\/mrcoolgamer.de\/index.php?rest_route=\/wp\/v2\/pages\/169\/revisions\/265"}],"wp:attachment":[{"href":"https:\/\/mrcoolgamer.de\/index.php?rest_route=%2Fwp%2Fv2%2Fmedia&parent=169"}],"curies":[{"name":"wp","href":"https:\/\/api.w.org\/{rel}","templated":true}]}}